{"id":7119,"date":"2019-12-12T13:50:02","date_gmt":"2019-12-12T12:50:02","guid":{"rendered":"https:\/\/blog.truckscout24.com\/de\/?page_id=7119"},"modified":"2021-03-31T11:13:50","modified_gmt":"2021-03-31T10:13:50","slug":"darts-wm-truckscout24","status":"publish","type":"page","link":"https:\/\/blog.truckscout24.com\/de\/darts-wm-truckscout24\/","title":{"rendered":"Darts WM mit Michael van Gerwen und TruckScout24"},"content":{"rendered":"\n<h5 class=\"has-text-color wp-block-heading\" style=\"color:#6b6b6b\">Darts wm 2020 \/ 2021<\/h5>\n\n\n\n<h1 class=\"has-text-align-left wp-block-heading\"><strong>Die Darts WM mit Michael van Gerwen und TruckScout24<\/strong><\/h1>\n\n\n\n<div class=\"wp-block-image\"><figure class=\"alignright size-full is-resized\"><img loading=\"lazy\" decoding=\"async\" src=\"https:\/\/blog.truckscout24.com\/de\/wp-content\/uploads\/sites\/2\/2019\/12\/Michael-van-Gerwen-2.jpg\" alt=\"\" class=\"wp-image-7138\" width=\"600\" height=\"434\" srcset=\"https:\/\/blog.truckscout24.com\/de\/wp-content\/uploads\/sites\/2\/2019\/12\/Michael-van-Gerwen-2.jpg 600w, https:\/\/blog.truckscout24.com\/de\/wp-content\/uploads\/sites\/2\/2019\/12\/Michael-van-Gerwen-2-300x217.jpg 300w\" sizes=\"auto, (max-width: 600px) 100vw, 600px\" \/><\/figure><\/div>\n\n\n\n<p class=\"has-normal-font-size\">TruckScout24 ist der f\u00fchrende <a aria-label=\" (\u00f6ffnet in neuem Tab)\" rel=\"noreferrer noopener\" href=\"http:\/\/www.truckscout24.de?utm_source=blog&amp;utm_medium=referral&amp;utm_campaign=dartswm\" target=\"_blank\">Online-Marktplatz f\u00fcr Nutzfahrzeuge<\/a> in Europa. In 18 Sprachen und 35 L\u00e4ndern bringt TruckScout24 K\u00e4ufer und Verk\u00e4ufer von Nutzfahrzeugen zusammen. Insgesamt stehen den monatlich 2,8 Mio. Interessenten \u00fcber 116 000 Nutzfahrzeuge aller Kategorien in unserem Marktplatz zum Verkauf. Die Verk\u00e4ufer k\u00f6nnen kostenfrei, unverbindlich und ohne Registrierung \u00fcber das Anfrageformular kontaktiert werden.<\/p>\n\n\n\n<p>Seit April 2019 ist TruckScout24 fester Bestandteil der <a href=\"https:\/\/company.maschinensucher.de\/\" target=\"_blank\" rel=\"noreferrer noopener\" aria-label=\" (\u00f6ffnet in neuem Tab)\">Machineseeker Group<\/a> und geh\u00f6rt somit aktuell zur Marktf\u00fchrerschaft. TruckScout24 bietet sowohl K\u00e4ufern als auch Verk\u00e4ufern das attraktivste Netzwerk in der Nutzfahrzeug-Branche.<\/p>\n\n\n\n<p>Wie bereits bei der Darts Weltmeisterschaft 2020 ist <a aria-label=\" (\u00f6ffnet in neuem Tab)\" rel=\"noreferrer noopener\" href=\"http:\/\/www.truckscout24.de\/?utm_source=blog&amp;utm_medium=referral&amp;utm_campaign=dartswm\" target=\"_blank\">TruckScout24<\/a> auch bei der diesj\u00e4hrigen Darts Weltmeisterschaft 2021 mit insgesamt \u00fcber 100 TV-Spots auf Sport1 vertreten. Von Fr\u00fchjahr 2019 bis 2021 war TruckScout24 au\u00dferdem <a rel=\"noreferrer noopener\" href=\"https:\/\/blog.truckscout24.com\/de\/aktuelles\/truckscout24-ist-offizieller-trikotsponsor-von-darts-weltmeister-michael-van-gerwen\/\" target=\"_blank\">Trikotsponsor des dreifachen Darts Weltmeisters Michael van Gerwen<\/a>. Als Markenbotschafter f\u00fcr TruckScout24 konnte der Weltranglistenerster die Markenpr\u00e4senz sowohl national als auch international st\u00e4rken.   <\/p>\n\n\n\n<h3 class=\"wp-block-heading\">Aktuelle Darts-Spots 2021<\/h3>\n\n\n\n<div class=\"wp-block-columns is-layout-flex wp-container-core-columns-is-layout-9d6595d7 wp-block-columns-is-layout-flex\">\n<div class=\"wp-block-column is-layout-flow wp-block-column-is-layout-flow\">\n<figure class=\"wp-block-embed is-type-video is-provider-youtube wp-block-embed-youtube wp-embed-aspect-16-9 wp-has-aspect-ratio\"><div class=\"wp-block-embed__wrapper\">\n<iframe loading=\"lazy\" title=\"Michael van Gerwen kauft echte Trucks auf TruckScout24.de | Darts WM 2021 | TruckScout24\" width=\"525\" height=\"295\" src=\"https:\/\/www.youtube.com\/embed\/suib_eEBfKs?feature=oembed\" frameborder=\"0\" allow=\"accelerometer; autoplay; clipboard-write; encrypted-media; gyroscope; picture-in-picture; web-share\" referrerpolicy=\"strict-origin-when-cross-origin\" allowfullscreen><\/iframe>\n<\/div><\/figure>\n\n\n\n<p><div style=\"text-align: center\">Sprache: Deutsch<\/div><\/p>\n<\/div>\n\n\n\n<div class=\"wp-block-column is-layout-flow wp-block-column-is-layout-flow\">\n<figure class=\"wp-block-embed is-type-video is-provider-youtube wp-block-embed-youtube wp-embed-aspect-16-9 wp-has-aspect-ratio\"><div class=\"wp-block-embed__wrapper\">\n<iframe loading=\"lazy\" title=\"Michael van Gerwen buys real trucks on TruckScout24.com | Darts 2021 | TruckScout24\" width=\"525\" height=\"295\" src=\"https:\/\/www.youtube.com\/embed\/YNJuy-kAuP8?feature=oembed\" frameborder=\"0\" allow=\"accelerometer; autoplay; clipboard-write; encrypted-media; gyroscope; picture-in-picture; web-share\" referrerpolicy=\"strict-origin-when-cross-origin\" allowfullscreen><\/iframe>\n<\/div><\/figure>\n\n\n\n<p><div style=\"text-align: center\">Sprache: Englisch<\/div><\/p>\n<\/div>\n\n\n\n<div class=\"wp-block-column is-layout-flow wp-block-column-is-layout-flow\">\n<figure class=\"wp-block-embed is-type-video is-provider-youtube wp-block-embed-youtube wp-embed-aspect-16-9 wp-has-aspect-ratio\"><div class=\"wp-block-embed__wrapper\">\n<iframe loading=\"lazy\" title=\"Michael van Gerwen koopt echte trucks bij TruckScout24.nl | Darts 2021 | TruckScout24\" width=\"525\" height=\"295\" src=\"https:\/\/www.youtube.com\/embed\/xb8OEgXM8FE?feature=oembed\" frameborder=\"0\" allow=\"accelerometer; autoplay; clipboard-write; encrypted-media; gyroscope; picture-in-picture; web-share\" referrerpolicy=\"strict-origin-when-cross-origin\" allowfullscreen><\/iframe>\n<\/div><\/figure>\n\n\n\n<p><div style=\"text-align: center\">Sprache: Niederl\u00e4ndisch<\/div><\/p>\n<\/div>\n<\/div>\n\n\n\n<h3 class=\"wp-block-heading\">Darts-Spots 2020<\/h3>\n\n\n\n<div class=\"wp-block-columns is-layout-flex wp-container-core-columns-is-layout-9d6595d7 wp-block-columns-is-layout-flex\">\n<div class=\"wp-block-column is-layout-flow wp-block-column-is-layout-flow\">\n<figure class=\"wp-block-embed is-type-video is-provider-youtube wp-block-embed-youtube wp-embed-aspect-16-9 wp-has-aspect-ratio\"><div class=\"wp-block-embed__wrapper\">\n<iframe loading=\"lazy\" title=\"Michael van Gerwen kauft seinen Truck auf TruckScout24 | Darts WM 2020 | TruckScout24\" width=\"525\" height=\"295\" src=\"https:\/\/www.youtube.com\/embed\/Tk5aUR0uAPw?feature=oembed\" frameborder=\"0\" allow=\"accelerometer; autoplay; clipboard-write; encrypted-media; gyroscope; picture-in-picture; web-share\" referrerpolicy=\"strict-origin-when-cross-origin\" allowfullscreen><\/iframe>\n<\/div><\/figure>\n\n\n\n<p><div style=\"text-align: center\">Sprache: Deutsch<\/div><\/p>\n<\/div>\n\n\n\n<div class=\"wp-block-column is-layout-flow wp-block-column-is-layout-flow\">\n<figure class=\"wp-block-embed is-type-video is-provider-youtube wp-block-embed-youtube wp-embed-aspect-16-9 wp-has-aspect-ratio\"><div class=\"wp-block-embed__wrapper\">\n<iframe loading=\"lazy\" title=\"Michael van Gerwen buys his truck on TruckScout24 | World Darts Championship 2020 | TruckScout24\" width=\"525\" height=\"295\" src=\"https:\/\/www.youtube.com\/embed\/l6QRBy_Pz58?feature=oembed\" frameborder=\"0\" allow=\"accelerometer; autoplay; clipboard-write; encrypted-media; gyroscope; picture-in-picture; web-share\" referrerpolicy=\"strict-origin-when-cross-origin\" allowfullscreen><\/iframe>\n<\/div><\/figure>\n\n\n\n<p><div style=\"text-align: center\">Sprache: Englisch<\/div><\/p>\n<\/div>\n\n\n\n<div class=\"wp-block-column is-layout-flow wp-block-column-is-layout-flow\">\n<figure class=\"wp-block-embed is-type-video is-provider-youtube wp-block-embed-youtube wp-embed-aspect-16-9 wp-has-aspect-ratio\"><div class=\"wp-block-embed__wrapper\">\n<iframe loading=\"lazy\" title=\"Michael van Gerwen koopt zijn vrachtwagen bij TruckScout24 | Darts 2020 | TruckScout24\" width=\"525\" height=\"295\" src=\"https:\/\/www.youtube.com\/embed\/W6N7RVHBKm8?feature=oembed\" frameborder=\"0\" allow=\"accelerometer; autoplay; clipboard-write; encrypted-media; gyroscope; picture-in-picture; web-share\" referrerpolicy=\"strict-origin-when-cross-origin\" allowfullscreen><\/iframe>\n<\/div><\/figure>\n\n\n\n<p><div style=\"text-align: center\">Sprache: Niederl\u00e4ndisch<\/div><\/p>\n<\/div>\n<\/div>\n\n\n\n<h3 class=\"wp-block-heading\">Aktuell im Blog<\/h3>\n\n\n\n<div class=\"wp-block-columns is-layout-flex wp-container-core-columns-is-layout-9d6595d7 wp-block-columns-is-layout-flex\">\n<div class=\"wp-block-column is-layout-flow wp-block-column-is-layout-flow\">\n<figure class=\"wp-block-embed is-type-wp-embed is-provider-truckscout-24-blog wp-block-embed-truckscout-24-blog\"><div class=\"wp-block-embed__wrapper\">\n<blockquote class=\"wp-embedded-content\" data-secret=\"HHfciFdU2m\"><a href=\"https:\/\/blog.truckscout24.com\/de\/aktuelles\/internationales-networking-event-mit-michael-van-gerwen\/\">Internationales Networking-Event mit Michael van Gerwen<\/a><\/blockquote><iframe loading=\"lazy\" class=\"wp-embedded-content\" sandbox=\"allow-scripts\" security=\"restricted\" style=\"position: absolute; visibility: hidden;\" title=\"&#8222;Internationales Networking-Event mit Michael van Gerwen&#8220; &#8212; TruckScout24 Blog\" src=\"https:\/\/blog.truckscout24.com\/de\/aktuelles\/internationales-networking-event-mit-michael-van-gerwen\/embed\/#?secret=kjuFNd3wyT#?secret=HHfciFdU2m\" data-secret=\"HHfciFdU2m\" width=\"525\" height=\"296\" frameborder=\"0\" marginwidth=\"0\" marginheight=\"0\" scrolling=\"no\"><\/iframe>\n<\/div><\/figure>\n<\/div>\n\n\n\n<div class=\"wp-block-column is-layout-flow wp-block-column-is-layout-flow\">\n<figure class=\"wp-block-embed is-type-wp-embed is-provider-truckscout-24-blog wp-block-embed-truckscout-24-blog\"><div class=\"wp-block-embed__wrapper\">\n<blockquote class=\"wp-embedded-content\" data-secret=\"gSDQHDJ8Dv\"><a href=\"https:\/\/blog.truckscout24.com\/de\/aktuelles\/volles-haus-in-goettingen-truckscout24-haendlerevent-voller-erfolg\/\">Volles Haus in G\u00f6ttingen: TruckScout24 H\u00e4ndlerevent voller Erfolg<\/a><\/blockquote><iframe loading=\"lazy\" class=\"wp-embedded-content\" sandbox=\"allow-scripts\" security=\"restricted\" style=\"position: absolute; visibility: hidden;\" title=\"&#8222;Volles Haus in G\u00f6ttingen: TruckScout24 H\u00e4ndlerevent voller Erfolg&#8220; &#8212; TruckScout24 Blog\" src=\"https:\/\/blog.truckscout24.com\/de\/aktuelles\/volles-haus-in-goettingen-truckscout24-haendlerevent-voller-erfolg\/embed\/#?secret=1lTkqARuw8#?secret=gSDQHDJ8Dv\" data-secret=\"gSDQHDJ8Dv\" width=\"525\" height=\"296\" frameborder=\"0\" marginwidth=\"0\" marginheight=\"0\" scrolling=\"no\"><\/iframe>\n<\/div><\/figure>\n<\/div>\n<\/div>\n","protected":false},"excerpt":{"rendered":"<p>Darts wm 2020 \/ 2021 Die Darts WM mit Michael van Gerwen und TruckScout24 TruckScout24 ist der f\u00fchrende Online-Marktplatz f\u00fcr Nutzfahrzeuge in Europa. In 18 Sprachen und 35 L\u00e4ndern bringt TruckScout24 K\u00e4ufer und Verk\u00e4ufer von Nutzfahrzeugen zusammen. Insgesamt stehen den monatlich 2,8 Mio. Interessenten \u00fcber 116 000 Nutzfahrzeuge aller Kategorien in unserem Marktplatz zum Verkauf. &hellip; <\/p>\n<p class=\"link-more\"><a href=\"https:\/\/blog.truckscout24.com\/de\/darts-wm-truckscout24\/\" class=\"more-link\"><span class=\"screen-reader-text\">\u201eDarts WM mit Michael van Gerwen und TruckScout24\u201c<\/span> weiterlesen<\/a><\/p>\n","protected":false},"author":29,"featured_media":0,"parent":0,"menu_order":0,"comment_status":"closed","ping_status":"closed","template":"","meta":{"inline_featured_image":false,"footnotes":""},"class_list":["post-7119","page","type-page","status-publish","hentry"],"yoast_head":"<!-- This site is optimized with the Yoast SEO plugin v18.6 - https:\/\/yoast.com\/wordpress\/plugins\/seo\/ -->\n<title>TruckScout24 &amp; Michael van Gerwen bei der Darts WM 2020 in London<\/title>\n<meta name=\"description\" content=\"Finden Sie alle Infos zu TruckScout24 und unserem Sponsoring zur Darts WM 2020 und Michael van Gerwen in unserem Blog.\" \/>\n<meta name=\"robots\" content=\"index, follow, max-snippet:-1, max-image-preview:large, max-video-preview:-1\" \/>\n<link rel=\"canonical\" href=\"https:\/\/blog.truckscout24.com\/de\/darts-wm-truckscout24\/\" \/>\n<meta name=\"twitter:label1\" content=\"Gesch\u00e4tzte Lesezeit\" \/>\n\t<meta name=\"twitter:data1\" content=\"1\u00a0Minute\" \/>\n<script type=\"application\/ld+json\" class=\"yoast-schema-graph\">{\"@context\":\"https:\/\/schema.org\",\"@graph\":[{\"@type\":\"WebSite\",\"@id\":\"https:\/\/blog.truckscout24.com\/de\/#website\",\"url\":\"https:\/\/blog.truckscout24.com\/de\/\",\"name\":\"TruckScout24 Blog\",\"description\":\"Testberichte, Nachrichten und Tipps rund um das Thema Nutzfahrzeuge und LKW\",\"potentialAction\":[{\"@type\":\"SearchAction\",\"target\":{\"@type\":\"EntryPoint\",\"urlTemplate\":\"https:\/\/blog.truckscout24.com\/de\/?s={search_term_string}\"},\"query-input\":\"required name=search_term_string\"}],\"inLanguage\":\"de\"},{\"@type\":\"ImageObject\",\"@id\":\"https:\/\/blog.truckscout24.com\/de\/darts-wm-truckscout24\/#primaryimage\",\"inLanguage\":\"de\",\"url\":\"https:\/\/blog.truckscout24.com\/de\/wp-content\/uploads\/sites\/2\/2019\/12\/Michael-van-Gerwen-2.jpg\",\"contentUrl\":\"https:\/\/blog.truckscout24.com\/de\/wp-content\/uploads\/sites\/2\/2019\/12\/Michael-van-Gerwen-2.jpg\",\"width\":600,\"height\":434},{\"@type\":\"WebPage\",\"@id\":\"https:\/\/blog.truckscout24.com\/de\/darts-wm-truckscout24\/#webpage\",\"url\":\"https:\/\/blog.truckscout24.com\/de\/darts-wm-truckscout24\/\",\"name\":\"TruckScout24 & Michael van Gerwen bei der Darts WM 2020 in London\",\"isPartOf\":{\"@id\":\"https:\/\/blog.truckscout24.com\/de\/#website\"},\"primaryImageOfPage\":{\"@id\":\"https:\/\/blog.truckscout24.com\/de\/darts-wm-truckscout24\/#primaryimage\"},\"datePublished\":\"2019-12-12T12:50:02+00:00\",\"dateModified\":\"2021-03-31T10:13:50+00:00\",\"description\":\"Finden Sie alle Infos zu TruckScout24 und unserem Sponsoring zur Darts WM 2020 und Michael van Gerwen in unserem Blog.\",\"breadcrumb\":{\"@id\":\"https:\/\/blog.truckscout24.com\/de\/darts-wm-truckscout24\/#breadcrumb\"},\"inLanguage\":\"de\",\"potentialAction\":[{\"@type\":\"ReadAction\",\"target\":[\"https:\/\/blog.truckscout24.com\/de\/darts-wm-truckscout24\/\"]}]},{\"@type\":\"BreadcrumbList\",\"@id\":\"https:\/\/blog.truckscout24.com\/de\/darts-wm-truckscout24\/#breadcrumb\",\"itemListElement\":[{\"@type\":\"ListItem\",\"position\":1,\"name\":\"Home\",\"item\":\"https:\/\/blog.truckscout24.com\/de\/\"},{\"@type\":\"ListItem\",\"position\":2,\"name\":\"Darts WM mit Michael van Gerwen und TruckScout24\"}]}]}<\/script>\n<!-- \/ Yoast SEO plugin. -->","yoast_head_json":{"title":"TruckScout24 & Michael van Gerwen bei der Darts WM 2020 in London","description":"Finden Sie alle Infos zu TruckScout24 und unserem Sponsoring zur Darts WM 2020 und Michael van Gerwen in unserem Blog.","robots":{"index":"index","follow":"follow","max-snippet":"max-snippet:-1","max-image-preview":"max-image-preview:large","max-video-preview":"max-video-preview:-1"},"canonical":"https:\/\/blog.truckscout24.com\/de\/darts-wm-truckscout24\/","twitter_misc":{"Gesch\u00e4tzte Lesezeit":"1\u00a0Minute"},"schema":{"@context":"https:\/\/schema.org","@graph":[{"@type":"WebSite","@id":"https:\/\/blog.truckscout24.com\/de\/#website","url":"https:\/\/blog.truckscout24.com\/de\/","name":"TruckScout24 Blog","description":"Testberichte, Nachrichten und Tipps rund um das Thema Nutzfahrzeuge und LKW","potentialAction":[{"@type":"SearchAction","target":{"@type":"EntryPoint","urlTemplate":"https:\/\/blog.truckscout24.com\/de\/?s={search_term_string}"},"query-input":"required name=search_term_string"}],"inLanguage":"de"},{"@type":"ImageObject","@id":"https:\/\/blog.truckscout24.com\/de\/darts-wm-truckscout24\/#primaryimage","inLanguage":"de","url":"https:\/\/blog.truckscout24.com\/de\/wp-content\/uploads\/sites\/2\/2019\/12\/Michael-van-Gerwen-2.jpg","contentUrl":"https:\/\/blog.truckscout24.com\/de\/wp-content\/uploads\/sites\/2\/2019\/12\/Michael-van-Gerwen-2.jpg","width":600,"height":434},{"@type":"WebPage","@id":"https:\/\/blog.truckscout24.com\/de\/darts-wm-truckscout24\/#webpage","url":"https:\/\/blog.truckscout24.com\/de\/darts-wm-truckscout24\/","name":"TruckScout24 & Michael van Gerwen bei der Darts WM 2020 in London","isPartOf":{"@id":"https:\/\/blog.truckscout24.com\/de\/#website"},"primaryImageOfPage":{"@id":"https:\/\/blog.truckscout24.com\/de\/darts-wm-truckscout24\/#primaryimage"},"datePublished":"2019-12-12T12:50:02+00:00","dateModified":"2021-03-31T10:13:50+00:00","description":"Finden Sie alle Infos zu TruckScout24 und unserem Sponsoring zur Darts WM 2020 und Michael van Gerwen in unserem Blog.","breadcrumb":{"@id":"https:\/\/blog.truckscout24.com\/de\/darts-wm-truckscout24\/#breadcrumb"},"inLanguage":"de","potentialAction":[{"@type":"ReadAction","target":["https:\/\/blog.truckscout24.com\/de\/darts-wm-truckscout24\/"]}]},{"@type":"BreadcrumbList","@id":"https:\/\/blog.truckscout24.com\/de\/darts-wm-truckscout24\/#breadcrumb","itemListElement":[{"@type":"ListItem","position":1,"name":"Home","item":"https:\/\/blog.truckscout24.com\/de\/"},{"@type":"ListItem","position":2,"name":"Darts WM mit Michael van Gerwen und TruckScout24"}]}]}},"_links":{"self":[{"href":"https:\/\/blog.truckscout24.com\/de\/wp-json\/wp\/v2\/pages\/7119","targetHints":{"allow":["GET"]}}],"collection":[{"href":"https:\/\/blog.truckscout24.com\/de\/wp-json\/wp\/v2\/pages"}],"about":[{"href":"https:\/\/blog.truckscout24.com\/de\/wp-json\/wp\/v2\/types\/page"}],"author":[{"embeddable":true,"href":"https:\/\/blog.truckscout24.com\/de\/wp-json\/wp\/v2\/users\/29"}],"replies":[{"embeddable":true,"href":"https:\/\/blog.truckscout24.com\/de\/wp-json\/wp\/v2\/comments?post=7119"}],"version-history":[{"count":50,"href":"https:\/\/blog.truckscout24.com\/de\/wp-json\/wp\/v2\/pages\/7119\/revisions"}],"predecessor-version":[{"id":7799,"href":"https:\/\/blog.truckscout24.com\/de\/wp-json\/wp\/v2\/pages\/7119\/revisions\/7799"}],"wp:attachment":[{"href":"https:\/\/blog.truckscout24.com\/de\/wp-json\/wp\/v2\/media?parent=7119"}],"curies":[{"name":"wp","href":"https:\/\/api.w.org\/{rel}","templated":true}]}}